{"id":3456,"date":"2025-01-29T10:04:46","date_gmt":"2025-01-29T09:04:46","guid":{"rendered":"https:\/\/wilhelmine.berlin\/impressum\/"},"modified":"2025-02-12T16:11:45","modified_gmt":"2025-02-12T15:11:45","slug":"imprint","status":"publish","type":"page","link":"https:\/\/wilhelmine.berlin\/en\/imprint\/","title":{"rendered":"Imprint"},"content":{"rendered":"\t\t<div data-elementor-type=\"wp-page\" data-elementor-id=\"3456\" class=\"elementor elementor-3456 elementor-1798\" data-elementor-settings=\"{&quot;ha_cmc_init_switcher&quot;:&quot;no&quot;}\" data-elementor-post-type=\"page\">\n\t\t\t\t<div class=\"elementor-element elementor-element-aa2fc1f e-con-full alternate-theme-switch e-flex e-con e-parent\" data-id=\"aa2fc1f\" data-element_type=\"container\" data-e-type=\"container\" data-settings=\"{&quot;background_background&quot;:&quot;classic&quot;,&quot;_ha_eqh_enable&quot;:false}\">\n\t\t<div class=\"elementor-element elementor-element-5747c9e e-con-full e-flex e-con e-child\" data-id=\"5747c9e\" data-element_type=\"container\" data-e-type=\"container\" data-settings=\"{&quot;_ha_eqh_enable&quot;:false}\">\n\t\t\t\t<div class=\"elementor-element elementor-element-9304501 elementor-widget elementor-widget-heading\" data-id=\"9304501\" data-element_type=\"widget\" data-e-type=\"widget\" data-widget_type=\"heading.default\">\n\t\t\t\t<div class=\"elementor-widget-container\">\n\t\t\t\t\t<h1 class=\"elementor-heading-title elementor-size-default\">Imprint<\/h1>\t\t\t\t<\/div>\n\t\t\t\t<\/div>\n\t\t\t\t<\/div>\n\t\t\t\t<\/div>\n\t\t<div class=\"elementor-element elementor-element-106ae15 e-con-full alternate-theme-switch e-flex e-con e-parent\" data-id=\"106ae15\" data-element_type=\"container\" data-e-type=\"container\" data-settings=\"{&quot;background_background&quot;:&quot;classic&quot;,&quot;_ha_eqh_enable&quot;:false}\">\n\t\t<div class=\"elementor-element elementor-element-db38ecd e-con-full e-flex e-con e-child\" data-id=\"db38ecd\" data-element_type=\"container\" data-e-type=\"container\" data-settings=\"{&quot;_ha_eqh_enable&quot;:false}\">\n\t\t<div class=\"elementor-element elementor-element-6290d5c e-con-full e-flex e-con e-child\" data-id=\"6290d5c\" data-element_type=\"container\" data-e-type=\"container\" data-settings=\"{&quot;_ha_eqh_enable&quot;:false}\">\n\t\t<div class=\"elementor-element elementor-element-3fc3110 e-con-full e-flex e-con e-child\" data-id=\"3fc3110\" data-element_type=\"container\" data-e-type=\"container\" data-settings=\"{&quot;_ha_eqh_enable&quot;:false}\">\n\t\t<div class=\"elementor-element elementor-element-5f6fb7f e-con-full e-flex e-con e-child\" data-id=\"5f6fb7f\" data-element_type=\"container\" data-e-type=\"container\" data-settings=\"{&quot;_ha_eqh_enable&quot;:false}\">\n\t\t\t\t<div class=\"elementor-element elementor-element-11fe1ee elementor-widget elementor-widget-heading\" data-id=\"11fe1ee\" data-element_type=\"widget\" data-e-type=\"widget\" data-widget_type=\"heading.default\">\n\t\t\t\t<div class=\"elementor-widget-container\">\n\t\t\t\t\t<h5 class=\"elementor-heading-title elementor-size-default\">Trockland Wilhelminenhofstr. 66-68 GmbH<\/h5>\t\t\t\t<\/div>\n\t\t\t\t<\/div>\n\t\t\t\t<div class=\"elementor-element elementor-element-37b58ef elementor-icon-list--layout-traditional elementor-list-item-link-full_width elementor-widget elementor-widget-icon-list\" data-id=\"37b58ef\" data-element_type=\"widget\" data-e-type=\"widget\" data-widget_type=\"icon-list.default\">\n\t\t\t\t<div class=\"elementor-widget-container\">\n\t\t\t\t\t\t\t<ul class=\"elementor-icon-list-items\">\n\t\t\t\t\t\t\t<li class=\"elementor-icon-list-item\">\n\t\t\t\t\t\t\t\t\t\t<span class=\"elementor-icon-list-text\">Hauptstrasse 27 \u00b7 Aufgang E<\/span>\n\t\t\t\t\t\t\t\t\t<\/li>\n\t\t\t\t\t\t\t\t<li class=\"elementor-icon-list-item\">\n\t\t\t\t\t\t\t\t\t\t<span class=\"elementor-icon-list-text\">10827 Berlin \u00b7 Germany<\/span>\n\t\t\t\t\t\t\t\t\t<\/li>\n\t\t\t\t\t\t<\/ul>\n\t\t\t\t\t\t<\/div>\n\t\t\t\t<\/div>\n\t\t\t\t<div class=\"elementor-element elementor-element-31f7742 elementor-icon-list--layout-traditional elementor-list-item-link-full_width elementor-widget elementor-widget-icon-list\" data-id=\"31f7742\" data-element_type=\"widget\" data-e-type=\"widget\" data-widget_type=\"icon-list.default\">\n\t\t\t\t<div class=\"elementor-widget-container\">\n\t\t\t\t\t\t\t<ul class=\"elementor-icon-list-items\">\n\t\t\t\t\t\t\t<li class=\"elementor-icon-list-item\">\n\t\t\t\t\t\t\t\t\t\t\t<a href=\"tel:%20t%20+493023631370\">\n\n\t\t\t\t\t\t\t\t\t\t\t<span class=\"elementor-icon-list-text\">p +49 30 2363137-0<\/span>\n\t\t\t\t\t\t\t\t\t\t\t<\/a>\n\t\t\t\t\t\t\t\t\t<\/li>\n\t\t\t\t\t\t\t\t<li class=\"elementor-icon-list-item\">\n\t\t\t\t\t\t\t\t\t\t\t<a href=\"mailto:%20info@trockland.com\">\n\n\t\t\t\t\t\t\t\t\t\t\t<span class=\"elementor-icon-list-text\">info(a)trockland.com<\/span>\n\t\t\t\t\t\t\t\t\t\t\t<\/a>\n\t\t\t\t\t\t\t\t\t<\/li>\n\t\t\t\t\t\t\t\t<li class=\"elementor-icon-list-item\">\n\t\t\t\t\t\t\t\t\t\t\t<a href=\"https:\/\/www.trockland.com\" target=\"_blank\" rel=\"noopener\">\n\n\t\t\t\t\t\t\t\t\t\t\t<span class=\"elementor-icon-list-text\">www.trockland.com<\/span>\n\t\t\t\t\t\t\t\t\t\t\t<\/a>\n\t\t\t\t\t\t\t\t\t<\/li>\n\t\t\t\t\t\t<\/ul>\n\t\t\t\t\t\t<\/div>\n\t\t\t\t<\/div>\n\t\t\t\t<\/div>\n\t\t<div class=\"elementor-element elementor-element-84b0387 e-con-full e-flex e-con e-child\" data-id=\"84b0387\" data-element_type=\"container\" data-e-type=\"container\" data-settings=\"{&quot;_ha_eqh_enable&quot;:false}\">\n\t\t\t\t<div class=\"elementor-element elementor-element-ccbeb19 elementor-icon-list--layout-traditional elementor-list-item-link-full_width elementor-widget elementor-widget-icon-list\" data-id=\"ccbeb19\" data-element_type=\"widget\" data-e-type=\"widget\" data-widget_type=\"icon-list.default\">\n\t\t\t\t<div class=\"elementor-widget-container\">\n\t\t\t\t\t\t\t<ul class=\"elementor-icon-list-items\">\n\t\t\t\t\t\t\t<li class=\"elementor-icon-list-item\">\n\t\t\t\t\t\t\t\t\t\t<span class=\"elementor-icon-list-text\">Company Headquarter: Berlin<\/span>\n\t\t\t\t\t\t\t\t\t<\/li>\n\t\t\t\t\t\t\t\t<li class=\"elementor-icon-list-item\">\n\t\t\t\t\t\t\t\t\t\t<span class=\"elementor-icon-list-text\">Amtsgericht Charlottenburg: HRB 215669 B<\/span>\n\t\t\t\t\t\t\t\t\t<\/li>\n\t\t\t\t\t\t\t\t<li class=\"elementor-icon-list-item\">\n\t\t\t\t\t\t\t\t\t\t<span class=\"elementor-icon-list-text\">VAT ID: 29\/122\/63794<\/span>\n\t\t\t\t\t\t\t\t\t<\/li>\n\t\t\t\t\t\t\t\t<li class=\"elementor-icon-list-item\">\n\t\t\t\t\t\t\t\t\t\t<span class=\"elementor-icon-list-text\">Managing Directors: Yeheskel Nathaniel, Daniel Avner<\/span>\n\t\t\t\t\t\t\t\t\t<\/li>\n\t\t\t\t\t\t\t\t<li class=\"elementor-icon-list-item\">\n\t\t\t\t\t\t\t\t\t\t<span class=\"elementor-icon-list-text\">Authorised officers: Cornelia Kohlhaupt, Danielle Shapira<\/span>\n\t\t\t\t\t\t\t\t\t<\/li>\n\t\t\t\t\t\t<\/ul>\n\t\t\t\t\t\t<\/div>\n\t\t\t\t<\/div>\n\t\t\t\t<\/div>\n\t\t<div class=\"elementor-element elementor-element-65251cc e-con-full e-flex e-con e-child\" data-id=\"65251cc\" data-element_type=\"container\" data-e-type=\"container\" data-settings=\"{&quot;_ha_eqh_enable&quot;:false}\">\n\t\t\t\t<div class=\"elementor-element elementor-element-ff37d55 elementor-widget elementor-widget-heading\" data-id=\"ff37d55\" data-element_type=\"widget\" data-e-type=\"widget\" data-widget_type=\"heading.default\">\n\t\t\t\t<div class=\"elementor-widget-container\">\n\t\t\t\t\t<h5 class=\"elementor-heading-title elementor-size-default\">Data Protection Supervisor<\/h5>\t\t\t\t<\/div>\n\t\t\t\t<\/div>\n\t\t\t\t<div class=\"elementor-element elementor-element-11b6e51 elementor-icon-list--layout-traditional elementor-list-item-link-full_width elementor-widget elementor-widget-icon-list\" data-id=\"11b6e51\" data-element_type=\"widget\" data-e-type=\"widget\" data-widget_type=\"icon-list.default\">\n\t\t\t\t<div class=\"elementor-widget-container\">\n\t\t\t\t\t\t\t<ul class=\"elementor-icon-list-items\">\n\t\t\t\t\t\t\t<li class=\"elementor-icon-list-item\">\n\t\t\t\t\t\t\t\t\t\t<span class=\"elementor-icon-list-text\">Mr Christian Kr\u00f6sch Attorney-at-law<\/span>\n\t\t\t\t\t\t\t\t\t<\/li>\n\t\t\t\t\t\t\t\t<li class=\"elementor-icon-list-item\">\n\t\t\t\t\t\t\t\t\t\t<span class=\"elementor-icon-list-text\">SLK Compliance Services GmbH<\/span>\n\t\t\t\t\t\t\t\t\t<\/li>\n\t\t\t\t\t\t\t\t<li class=\"elementor-icon-list-item\">\n\t\t\t\t\t\t\t\t\t\t<span class=\"elementor-icon-list-text\">K\u00f6nigsbr\u00fccker Stra\u00dfe 76<\/span>\n\t\t\t\t\t\t\t\t\t<\/li>\n\t\t\t\t\t\t\t\t<li class=\"elementor-icon-list-item\">\n\t\t\t\t\t\t\t\t\t\t<span class=\"elementor-icon-list-text\">01099 Dresden \u00b7 Germany<\/span>\n\t\t\t\t\t\t\t\t\t<\/li>\n\t\t\t\t\t\t<\/ul>\n\t\t\t\t\t\t<\/div>\n\t\t\t\t<\/div>\n\t\t\t\t<div class=\"elementor-element elementor-element-8b02acc elementor-icon-list--layout-traditional elementor-list-item-link-full_width elementor-widget elementor-widget-icon-list\" data-id=\"8b02acc\" data-element_type=\"widget\" data-e-type=\"widget\" data-widget_type=\"icon-list.default\">\n\t\t\t\t<div class=\"elementor-widget-container\">\n\t\t\t\t\t\t\t<ul class=\"elementor-icon-list-items\">\n\t\t\t\t\t\t\t<li class=\"elementor-icon-list-item\">\n\t\t\t\t\t\t\t\t\t\t\t<a href=\"tel:%20+4935189676360\">\n\n\t\t\t\t\t\t\t\t\t\t\t<span class=\"elementor-icon-list-text\">p +49 351 89676360<\/span>\n\t\t\t\t\t\t\t\t\t\t\t<\/a>\n\t\t\t\t\t\t\t\t\t<\/li>\n\t\t\t\t\t\t\t\t<li class=\"elementor-icon-list-item\">\n\t\t\t\t\t\t\t\t\t\t\t<a href=\"mailto:%20datenschutz@slk-compliance.de\">\n\n\t\t\t\t\t\t\t\t\t\t\t<span class=\"elementor-icon-list-text\">datenschutz(a)slk-compliance.de<\/span>\n\t\t\t\t\t\t\t\t\t\t\t<\/a>\n\t\t\t\t\t\t\t\t\t<\/li>\n\t\t\t\t\t\t<\/ul>\n\t\t\t\t\t\t<\/div>\n\t\t\t\t<\/div>\n\t\t\t\t<\/div>\n\t\t\t\t<\/div>\n\t\t\t\t<\/div>\n\t\t<div class=\"elementor-element elementor-element-f3c01da e-con-full e-flex e-con e-child\" data-id=\"f3c01da\" data-element_type=\"container\" data-e-type=\"container\" data-settings=\"{&quot;_ha_eqh_enable&quot;:false}\">\n\t\t<div class=\"elementor-element elementor-element-2b1fa4c e-con-full e-flex e-con e-child\" data-id=\"2b1fa4c\" data-element_type=\"container\" data-e-type=\"container\" data-settings=\"{&quot;_ha_eqh_enable&quot;:false}\">\n\t\t\t\t<div class=\"elementor-element elementor-element-f80ca83 elementor-widget elementor-widget-htmega-accordion-addons\" data-id=\"f80ca83\" data-element_type=\"widget\" data-e-type=\"widget\" data-widget_type=\"htmega-accordion-addons.default\">\n\t\t\t\t<div class=\"elementor-widget-container\">\n\t\t\t\t\t<div class=\"accordion\" id=\"accordionExamplef80ca83\">                            <div class=\"single_accourdion htmega-icon-align-\">\n\n                                <div class=\"htmega-accourdion-title\">\n                                    <h2 data-toggle=\"htbcollapse\" data-target=\"#htmega-collapse1f80ca83\" class=\"htb-collapsed htmega-items-hedding\">Copyrights <span class=\"accourdion-icon close-accourdion\"><i class=\"huge huge-minus-sign\"><\/i><\/span><span class=\"accourdion-icon open-accourdion\"><i class=\"huge huge-plus-sign\"><\/i><\/span><\/h2>                                <\/div>\n\n                                <div id=\"htmega-collapse1f80ca83\" class=\"htb-collapse \" data-parent=\"#accordionExamplef80ca83\" >\n                                    <div class=\"accordion-content\">\n                                        <p>The content and works provided on these Web pages are governed by the copyright laws of Germany and subject to the copyright protection of Trockland Management GmbH \u2013 the author \u2013 respectively the project companies for which Trockland Management GmbH has been commissioned to act. Duplication, processing, distribution, or any form of commercialization of such material beyond the scope of the copyright law shall require the prior written consent of its respective author or creator.<\/p>                                    <\/div>\n                                <\/div>\n\n                            <\/div>\n\n                                                    <div class=\"single_accourdion htmega-icon-align-\">\n\n                                <div class=\"htmega-accourdion-title\">\n                                    <h2 data-toggle=\"htbcollapse\" data-target=\"#htmega-collapse2f80ca83\" class=\"htb-collapsed htmega-items-hedding\">Liability for content <span class=\"accourdion-icon close-accourdion\"><i class=\"huge huge-minus-sign\"><\/i><\/span><span class=\"accourdion-icon open-accourdion\"><i class=\"huge huge-plus-sign\"><\/i><\/span><\/h2>                                <\/div>\n\n                                <div id=\"htmega-collapse2f80ca83\" class=\"htb-collapse \" data-parent=\"#accordionExamplef80ca83\" >\n                                    <div class=\"accordion-content\">\n                                        <p>We make every effort to keep the information on our Web site current, but accept no liability whatsoever for the content provided. Pursuant to \u00a77 par. 1 of TMG (German Tele-Media Act), the law limits our responsibility as a service provider to our own content on these Web pages. According to \u00a7\u00a78 to 10 of TMG, we are not obligated to monitor third party information provided or stored on our Web site. However, we shall promptly remove any content upon becoming aware that it violates the law. Our liability in such an instance shall commence at the time we become aware of the respective violation. The author expressly reserves the right to change, amend, or delete parts of the pages or the entire offer without prior notice, or to temporarily or permanently terminate the publication.<\/p>                                    <\/div>\n                                <\/div>\n\n                            <\/div>\n\n                                                    <div class=\"single_accourdion htmega-icon-align-\">\n\n                                <div class=\"htmega-accourdion-title\">\n                                    <h2 data-toggle=\"htbcollapse\" data-target=\"#htmega-collapse3f80ca83\" class=\"htb-collapsed htmega-items-hedding\">Liability for links <span class=\"accourdion-icon close-accourdion\"><i class=\"huge huge-minus-sign\"><\/i><\/span><span class=\"accourdion-icon open-accourdion\"><i class=\"huge huge-plus-sign\"><\/i><\/span><\/h2>                                <\/div>\n\n                                <div id=\"htmega-collapse3f80ca83\" class=\"htb-collapse \" data-parent=\"#accordionExamplef80ca83\" >\n                                    <div class=\"accordion-content\">\n                                        <p>Our site contains links to third-party Web sites. We have no influence whatsoever on the information on these Web sites and accept no guaranty for its correctness. The content of such third-party sites is the responsibility of the respective owners\/providers. We, the author, hereby expressly declare that at the time of linking no illegal content was recognizable on the pages to be linked. The author has no influence on the current and future design, content or origin of the linked pages. Therefore, we hereby expressly dissociate ourselves from all contents of all linked pages, which were changed after the link setting. We shall promptly delete a link upon becoming aware that it violates the law.<\/p><p>This statement applies to all links and references set within the author\u2019s own internet site, as well as to foreign entries in guest books, discussion forums, link lists, mailing lists set up by the author, and in all other forms of databases. Liability for illegal, incorrect or incomplete contents, and in particular for damages resulting from the use or non-use of such provided information, is the responsibility of the provider of the page to which reference was made, not the person who merely refers to the respective publication via links. Suggestions or mistakes can be forwarded by e-mail to:\u00a0<a href=\"mailto:%20info@trockland.com\">info[at]trockland.com<\/a><\/p>                                    <\/div>\n                                <\/div>\n\n                            <\/div>\n\n                                                    <div class=\"single_accourdion htmega-icon-align-\">\n\n                                <div class=\"htmega-accourdion-title\">\n                                    <h2 data-toggle=\"htbcollapse\" data-target=\"#htmega-collapse4f80ca83\" class=\"htb-collapsed htmega-items-hedding\">Conciliation procedure <span class=\"accourdion-icon close-accourdion\"><i class=\"huge huge-minus-sign\"><\/i><\/span><span class=\"accourdion-icon open-accourdion\"><i class=\"huge huge-plus-sign\"><\/i><\/span><\/h2>                                <\/div>\n\n                                <div id=\"htmega-collapse4f80ca83\" class=\"htb-collapse \" data-parent=\"#accordionExamplef80ca83\" >\n                                    <div class=\"accordion-content\">\n                                        <p>We do not participate in a conciliation procedure, yet we make reference to the relevant consumer arbitration board under the provisions of the law of alternative dispute resolutions in consumer contracts (Gesetzes \u00fcber die alternative Streitbeilegung in Verbrauchersachen) as follows:<\/p><p>The relevant consumer arbitration board is: Allgemeine Verbraucherschlichtungsstelle des Zentrums f\u00fcr Schlichtung e.V., Strassburger Strasse 8, 77694 Kehl am Rhein, Germany.<br \/>(<a href=\"http:\/\/www.verbraucher-schlichter.de\/\" target=\"_blank\" rel=\"noopener\">www.verbraucher-schlichter.de<\/a>)<\/p>                                    <\/div>\n                                <\/div>\n\n                            <\/div>\n\n                        <\/div>\t\t\t\t<\/div>\n\t\t\t\t<\/div>\n\t\t\t\t<\/div>\n\t\t\t\t<\/div>\n\t\t\t\t<\/div>\n\t\t\t\t<\/div>\n\t\t\t\t<\/div>\n\t\t","protected":false},"excerpt":{"rendered":"<p>Imprint Trockland Wilhelminenhofstr. 66-68 GmbH Hauptstrasse 27 \u00b7 Aufgang E 10827 Berlin \u00b7 Germany p +49 30 2363137-0 info(a)trockland.com www.trockland.com Company Headquarter: Berlin Amtsgericht Charlottenburg: HRB 215669 B VAT ID: 29\/122\/63794 Managing Directors: Yeheskel Nathaniel, Daniel Avner Authorised officers: Cornelia Kohlhaupt, Danielle Shapira Data Protection Supervisor Mr Christian Kr\u00f6sch Attorney-at-law SLK Compliance Services GmbH K\u00f6nigsbr\u00fccker [&hellip;]<\/p>\n","protected":false},"author":1,"featured_media":0,"parent":0,"menu_order":0,"comment_status":"closed","ping_status":"closed","template":"elementor_header_footer","meta":{"footnotes":""},"class_list":["post-3456","page","type-page","status-publish","hentry"],"_links":{"self":[{"href":"https:\/\/wilhelmine.berlin\/en\/wp-json\/wp\/v2\/pages\/3456","targetHints":{"allow":["GET"]}}],"collection":[{"href":"https:\/\/wilhelmine.berlin\/en\/wp-json\/wp\/v2\/pages"}],"about":[{"href":"https:\/\/wilhelmine.berlin\/en\/wp-json\/wp\/v2\/types\/page"}],"author":[{"embeddable":true,"href":"https:\/\/wilhelmine.berlin\/en\/wp-json\/wp\/v2\/users\/1"}],"replies":[{"embeddable":true,"href":"https:\/\/wilhelmine.berlin\/en\/wp-json\/wp\/v2\/comments?post=3456"}],"version-history":[{"count":0,"href":"https:\/\/wilhelmine.berlin\/en\/wp-json\/wp\/v2\/pages\/3456\/revisions"}],"wp:attachment":[{"href":"https:\/\/wilhelmine.berlin\/en\/wp-json\/wp\/v2\/media?parent=3456"}],"curies":[{"name":"wp","href":"https:\/\/api.w.org\/{rel}","templated":true}]}}